{"id":3424,"date":"2024-05-11T15:13:35","date_gmt":"2024-05-11T20:13:35","guid":{"rendered":"https:\/\/www.la99radio.com\/?page_id=3424"},"modified":"2024-05-11T15:25:28","modified_gmt":"2024-05-11T20:25:28","slug":"nosotros","status":"publish","type":"page","link":"https:\/\/www.la99radio.com\/index.php\/nosotros\/","title":{"rendered":"Nosotros"},"content":{"rendered":"<div class=\"wpb-content-wrapper\"><p>[vc_row][vc_column][vc_single_image image=\u00bb3431&#8243;][\/vc_column][\/vc_row][vc_row][vc_column][vc_column_text]<strong>La99Radio<\/strong>, una emisora de radio que comenz\u00f3 su transmisi\u00f3n el\u00a0<strong>4 de julio de 2017<\/strong>, se ha convertido en un pilar de la comunidad de Santo Domingo. Ubicada en la calle Latacunga y Av. Quito Edificio La99Radio 3er piso, esta estaci\u00f3n de radio ha logrado captar la atenci\u00f3n de una amplia gama de oyentes.<\/p>\n<p><strong>P\u00fablico objetivo:<\/strong>\u00a0La99Radio tiene un enfoque inclusivo, abarcando todos los niveles socioecon\u00f3micos. Su audiencia principal incluye hombres y mujeres entre 18 y 40 a\u00f1os, amas de casa, empresas, oficinas e instituciones p\u00fablicas y privadas. Adem\u00e1s, llega a los usuarios de transporte p\u00fablico y veh\u00edculos particulares dentro y fuera de la ciudad, as\u00ed como a internautas de todo el mundo y usuarios de redes sociales.<\/p>\n<p><strong>Cobertura:<\/strong>\u00a0La99Radio tiene una amplia cobertura que incluye varias ciudades y parroquias en Santo Domingo de los Ts\u00e1chilas, Manab\u00ed, Pichincha, Esmeraldas y Los R\u00edos.<\/p>\n<p><strong>Programaci\u00f3n:<\/strong>\u00a0La99Radio ofrece una variedad de contenido, desde estrenos y \u00e9xitos de alta rotaci\u00f3n a nivel mundial en espa\u00f1ol e ingl\u00e9s, hasta g\u00e9neros como Dance, pop, electr\u00f3nica, reggaet\u00f3n, salsa y bachata. Adem\u00e1s, ofrece espacios ininterrumpidos de m\u00fasica mezclada con Dj\u00b4s y programaci\u00f3n las 24 horas del d\u00eda. Tambi\u00e9n proporciona noticias matutinas y al mediod\u00eda, cortos noticiosos cada media hora y un noticiero 100% deportivo al mediod\u00eda.<\/p>\n<p><strong>Recursos:<\/strong>\u00a0La99Radio utiliza un sistema de automatizaci\u00f3n para la emisi\u00f3n y control de pauta publicitaria y cuenta con equipos de transmisi\u00f3n digital y tecnolog\u00eda RDS. Su estudio de transmisi\u00f3n est\u00e1 equipado con equipos digitales de \u00faltima generaci\u00f3n y un estudio de grabaci\u00f3n computarizado para la producci\u00f3n de Spots y cu\u00f1as publicitarias. Adem\u00e1s, cuenta con un banco de voces con las mejores voces locales, nacionales e internacionales.<\/p>\n<p>En su p\u00e1gina web www.la99radio.com, los oyentes pueden encontrar su programaci\u00f3n en audio real HD 24 horas al d\u00eda, y en sus cuentas de redes sociales (Facebook, Instagram) se dispone de toda la informaci\u00f3n actualizada.<\/p>\n<p>En resumen,\u00a0<strong>La99Radio<\/strong>\u00a0es m\u00e1s que una simple estaci\u00f3n de radio; es una plataforma de comunicaci\u00f3n integral que satisface las necesidades de su diversa audiencia. Con su amplia cobertura, programaci\u00f3n variada y uso de tecnolog\u00eda avanzada, La99Radio se ha establecido como una voz importante en su comunidad.[\/vc_column_text][\/vc_column][\/vc_row]<\/p>\n<\/div>","protected":false},"excerpt":{"rendered":"<p>[vc_row][vc_column][vc_single_image image=\u00bb3431&#8243;][\/vc_column][\/vc_row][vc_row][vc_column][vc_column_text]La99Radio, una emisora de radio que comenz\u00f3 su transmisi\u00f3n el\u00a04 de julio de 2017, se ha convertido en un pilar de la comunidad de Santo Domingo. Ubicada en la calle Latacunga y Av. Quito Edificio La99Radio 3er piso, esta estaci\u00f3n de radio ha logrado captar la atenci\u00f3n de una amplia gama de oyentes. P\u00fablico [&hellip;]<\/p>\n","protected":false},"author":1,"featured_media":0,"parent":0,"menu_order":0,"comment_status":"closed","ping_status":"closed","template":"","meta":{"_monsterinsights_skip_tracking":false,"_monsterinsights_sitenote_active":false,"_monsterinsights_sitenote_note":"","_monsterinsights_sitenote_category":0,"footnotes":""},"class_list":["post-3424","page","type-page","status-publish","hentry"],"aioseo_notices":[],"_links":{"self":[{"href":"https:\/\/www.la99radio.com\/index.php\/wp-json\/wp\/v2\/pages\/3424","targetHints":{"allow":["GET"]}}],"collection":[{"href":"https:\/\/www.la99radio.com\/index.php\/wp-json\/wp\/v2\/pages"}],"about":[{"href":"https:\/\/www.la99radio.com\/index.php\/wp-json\/wp\/v2\/types\/page"}],"author":[{"embeddable":true,"href":"https:\/\/www.la99radio.com\/index.php\/wp-json\/wp\/v2\/users\/1"}],"replies":[{"embeddable":true,"href":"https:\/\/www.la99radio.com\/index.php\/wp-json\/wp\/v2\/comments?post=3424"}],"version-history":[{"count":4,"href":"https:\/\/www.la99radio.com\/index.php\/wp-json\/wp\/v2\/pages\/3424\/revisions"}],"predecessor-version":[{"id":3432,"href":"https:\/\/www.la99radio.com\/index.php\/wp-json\/wp\/v2\/pages\/3424\/revisions\/3432"}],"wp:attachment":[{"href":"https:\/\/www.la99radio.com\/index.php\/wp-json\/wp\/v2\/media?parent=3424"}],"curies":[{"name":"wp","href":"https:\/\/api.w.org\/{rel}","templated":true}]}}